{"id":4,"date":"2021-06-28T10:04:29","date_gmt":"2021-06-28T10:04:29","guid":{"rendered":"https:\/\/kila-sued.de\/?page_id=4"},"modified":"2026-02-19T17:26:13","modified_gmt":"2026-02-19T17:26:13","slug":"willkommen-auf-https-kila-sued-de-2","status":"publish","type":"page","link":"https:\/\/kila-sued.de\/","title":{"rendered":"Unser Kila"},"content":{"rendered":"\n<h2 class=\"wp-block-heading has-text-align-center\"><a href=\"#UnserKinderladen\" data-type=\"internal\" data-id=\"#UnserKinderladen\">\u00dcber den Kinderladen S\u00fcd<\/a><\/h2>\n\n\n\n<p>&nbsp;<\/p>\n<p>&nbsp;<\/p>\n\n\n\n<h2 class=\"wp-block-heading has-text-align-center\">P\u00e4dagogisches Konzept<\/h2>\n\n\n\n<p>Der Kinderladen S\u00fcd e.V. ist eine Ganztagseinrichtung. Es werden 20 Kinder im Alter zwischen 3 bis 6 Jahren betreut. Unser Team besteht aus drei p\u00e4dagogischen Fachkr\u00e4ften sowie wechselnden Auszubildenden. Unser oberstes Ziel ist es, das Kind, Kind sein zu lassen. Dies erreichen wir durch das Schaffen von Freir\u00e4umen, in denen die Kinder die M\u00f6glichkeit haben, frei zu spielen, Materialien und Angebot frei zu w\u00e4hlen und Konflikte selbstst\u00e4ndig auszutragen. Wir verstehen es als unsere Aufgabe, die Individualit\u00e4t des Kindes wahrzunehmen, anzunehmen und entsprechend zu begleiten und zu f\u00f6rdern. Wenn Du mehr erfahren m\u00f6chtest, findest Du unser <a href=\"https:\/\/kila-sued.de\/?page_id=198\">ausf\u00fchrliches p\u00e4dagogisches Konzept hier.<\/a><\/p>\n\n\n\n<p><\/p>\n\n\n\n<p>\u00a0<\/p>\n<p>\u00a0<\/p>\n\n\n\n\n\n<div id=\"DasAngebot\" class=\"wp-block-getwid-section alignfull getwid-section-content-custom-width\" style=\"margin-bottom:1px\"><div class=\"wp-block-getwid-section__wrapper getwid-padding-left-medium getwid-padding-right-medium\" style=\"padding-bottom:0px\"><div class=\"wp-block-getwid-section__inner-wrapper\" style=\"max-width:1140px\"><div class=\"wp-block-getwid-section__background-holder\"><div class=\"wp-block-getwid-section__background\"><\/div><div class=\"wp-block-getwid-section__foreground\"><\/div><\/div><div class=\"wp-block-getwid-section__content\"><div class=\"wp-block-getwid-section__inner-content\">\n<div class=\"wp-block-columns has-3-columns is-layout-flex wp-container-core-columns-is-layout-9d6595d7 wp-block-columns-is-layout-flex\">\n<div class=\"wp-block-column is-layout-flow wp-block-column-is-layout-flow\">\n<div class=\"wp-block-getwid-icon-box has-text-center\"><div class=\"wp-block-getwid-icon-box__icon-container is-position-top\"><div class=\"wp-block-getwid-icon-box__icon-wrapper has-text-color\" style=\"font-size:36px;padding:0px;color:#000000\"><i class=\"far fa-lightbulb\"><\/i><\/div><\/div><div class=\"wp-block-getwid-icon-box__content\">\n<div class=\"wp-block-getwid-advanced-heading\" id=\"UnserAngebot\"><h3 class=\"wp-block-getwid-advanced-heading__content\"><a href=\"https:\/\/kila-sued.de\/#UnserAngebot\" data-type=\"URL\">Angebote<\/a><\/h3><\/div>\n\n\n\n<p class=\"has-text-align-left\">Unser Kinderladen bietet einen abwechslungsreichen Wochenplan. Spielen finden wir sehr wichtig. Wir bieten Euren Kindern den Raum daf\u00fcr &#8211; auf 120 qm, 3 R\u00e4umen und 2 Ebenen. Baumaterial f\u00fcr Butzen sowie Spielmaterial f\u00fcr Rollenspiele stehen ausreichend zur Verf\u00fcgung. Das Au\u00dfengel\u00e4nde bietet reichlich Platz zum Buddeln, Fu\u00dfballspielen und Blumen pflanzen. Durch Au\u00dfenaktivit\u00e4ten, wie Waldspazierg\u00e4nge und Theater- oder B\u00fcchereibesuche erm\u00f6glichen wir den Kindern, ihren Stadtteil und Stra\u00dfenregeln kennenzulernen. <\/p>\n<\/div><\/div>\n<\/div>\n\n\n\n<div class=\"wp-block-column is-layout-flow wp-block-column-is-layout-flow\">\n<div class=\"wp-block-getwid-icon-box has-text-center\"><div class=\"wp-block-getwid-icon-box__icon-container is-position-top\"><div class=\"wp-block-getwid-icon-box__icon-wrapper has-text-color\" style=\"font-size:36px;padding:0px;color:#000000\"><i class=\"fas fa-utensils\"><\/i><\/div><\/div><div class=\"wp-block-getwid-icon-box__content\">\n<div class=\"wp-block-getwid-advanced-heading\"><h3 class=\"wp-block-getwid-advanced-heading__content\">Essen<\/h3><\/div>\n\n\n\n<p class=\"has-text-align-left\">Das Fr\u00fchst\u00fcck wird im Wechsel von den Eltern jeweils f\u00fcr die gesamte Gruppe gestellt. Mittags werden wir von einem Caterer beliefert. Das Essen im Kindergarten ist vegetarisch und wir achten auf Bioqualit\u00e4t bzw. bevorzugen Produkte aus der Region. F\u00fcr den frischen Snack zwischendurch bestellen wir die Gem\u00fcsekiste. Freitags bekommen wir kein Essen geliefert. Stattdessen \u00fcbernehmen die Zubereitung im Wechsel die Eltern und die Erzieherinnen gemeinsam mit den Kindern. Die Kinder, die mittags nicht abgeholt werden, bringen einen Rucksack mit eigenem Snack f\u00fcr den Nachmittag mit (bitte keine S\u00fc\u00dfigkeiten).<\/p>\n<\/div><\/div>\n<\/div>\n\n\n\n<div class=\"wp-block-column is-layout-flow wp-block-column-is-layout-flow\">\n<div class=\"wp-block-getwid-icon-box has-text-center\"><div class=\"wp-block-getwid-icon-box__icon-container is-position-top\"><div class=\"wp-block-getwid-icon-box__icon-wrapper has-text-color\" style=\"font-size:36px;padding:0px;color:#000000\"><i class=\"far fa-clock\"><\/i><\/div><\/div><div class=\"wp-block-getwid-icon-box__content\">\n<div class=\"wp-block-getwid-advanced-heading\"><h3 class=\"wp-block-getwid-advanced-heading__content\">Termine<\/h3><\/div>\n\n\n\n<p class=\"has-text-align-left\">\u00dcbers Jahr gibt&#8217;s bei uns verschiedene Termine, auf die wir uns freuen: das Schlaffest, Fasching, Ostern, das Laternenfest, Nikolaus und Weihnachten. Und schlie\u00dflich &#8211; das Highlight f\u00fcr alle &#8211; die gro\u00dfe Kennenlernfahrt. Ein Wochenende mit Kindern, Eltern und Erzieherinnen. Hier wird tags\u00fcber mit den Kindern gespielt und abends kommen die Gro\u00dfen auf ihre Kosten. Ein fester Termin im Jahr ist der Reflexionstag. Hier reden Eltern und Erzieherinnen gemeinsam \u00fcber den Kinderladen. Soll etwas ge\u00e4ndert werden \u2013 am Tagesablauf, der Organisation, an den Angeboten, am Essen, an den R\u00e4umlichkeiten?<\/p>\n<\/div><\/div>\n<\/div>\n<\/div>\n<\/div><\/div><\/div><\/div><\/div>\n\n\n\n<div class=\"wp-block-getwid-section alignfull alignfull getwid-section-content-custom-width\" style=\"margin-top:1px\"><div class=\"wp-block-getwid-section__wrapper getwid-padding-left-medium getwid-padding-right-medium\"><div class=\"wp-block-getwid-section__inner-wrapper\" style=\"max-width:1140px\"><div class=\"wp-block-getwid-section__background-holder\"><div class=\"wp-block-getwid-section__background\"><\/div><div class=\"wp-block-getwid-section__foreground\"><\/div><\/div><div class=\"wp-block-getwid-section__content\"><div class=\"wp-block-getwid-section__inner-content\">\n<div class=\"wp-block-getwid-advanced-heading\" id=\"DasTeam\" style=\"margin-bottom:30px;margin-top:10px\"><h2 class=\"wp-block-getwid-advanced-heading__content\" style=\"text-align:center\"><a href=\"#DasTeam\" data-type=\"internal\" data-id=\"#DasTeam\">Das Team<\/a><\/h2><\/div>\n\n\n\n<p class=\"has-text-align-center\">Unser Team besteht aus drei p\u00e4dagogischen Fachkr\u00e4ften&nbsp;in Vollzeit, zwei Teilzeitkr\u00e4ften sowie wechselnden Auszubildenden und PraktikantInnen. Zudem gibt es eine K\u00fcchenkraft, die beim Mittagessen mithilft sowie eine Reinigungskraft.&nbsp;In regelm\u00e4\u00dfigen Abst\u00e4nden f\u00fchrt das Erzieherinnen-Team Einzelgespr\u00e4che mit den Eltern. So erfahrt ihr genau, mit wem euer Kind gerade am liebsten spielt, was es in den vergangenen Wochen am meisten besch\u00e4ftigt hat und wie die allgemeine k\u00f6rperliche und geistige Entwicklung verlaufen ist. Hier k\u00f6nnen auch ganz gezielt Probleme angesprochen werden &#8211; das ist hilfreich f\u00fcr alle: f\u00fcr die Kinder, die Eltern, das Team und die Gruppe. <\/p>\n\n\n\n<div style=\"height:30px\" aria-hidden=\"true\" class=\"wp-block-spacer\"><\/div>\n\n\n\n<div class=\"wp-block-columns has-3-columns is-layout-flex wp-container-core-columns-is-layout-9d6595d7 wp-block-columns-is-layout-flex\">\n<div class=\"wp-block-column is-layout-flow wp-block-column-is-layout-flow\">\n<div class=\"wp-block-getwid-person\"><div class=\"wp-block-getwid-person__image\"><img loading=\"lazy\" decoding=\"async\" width=\"600\" height=\"650\" src=\"https:\/\/kila-sued.de\/wp-content\/uploads\/2021\/06\/Fritzi_5028.jpg\" class=\"wp-image-53\" srcset=\"https:\/\/kila-sued.de\/wp-content\/uploads\/2021\/06\/Fritzi_5028.jpg 600w, https:\/\/kila-sued.de\/wp-content\/uploads\/2021\/06\/Fritzi_5028-277x300.jpg 277w\" sizes=\"auto, (max-width: 600px) 100vw, 600px\" \/><\/div><div class=\"wp-block-getwid-person__content-wrapper\"><span class=\"wp-block-getwid-person__title\">Fritzi<\/span><span class=\"wp-block-getwid-person__subtitle\">Erzieherin<\/span>\n<div class=\"wp-block-getwid-social-links has-large-spacing\"><ul class=\"wp-block-getwid-social-links__list getwid-justify-content-center\"><li class=\"wp-block-getwid-social-links__item\"><a class=\"wp-block-getwid-social-links__link\" href=\"https:\/\/www.facebook.com\/\"><span class=\"wp-block-getwid-social-links__wrapper has-text-color\" style=\"color:#000000\"><i class=\"\"><\/i><\/span><\/a><\/li><li class=\"wp-block-getwid-social-links__item\"><a class=\"wp-block-getwid-social-links__link\" href=\"https:\/\/twitter.com\/\"><span class=\"wp-block-getwid-social-links__wrapper has-text-color\" style=\"color:#000000\"><i class=\"\"><\/i><\/span><\/a><\/li><li class=\"wp-block-getwid-social-links__item\"><span class=\"wp-block-getwid-social-links__wrapper has-text-color\" style=\"color:#000000\"><i class=\"\"><\/i><\/span><\/li><li class=\"wp-block-getwid-social-links__item\"><a class=\"wp-block-getwid-social-links__link\" href=\"https:\/\/www.youtube.com\/\"><span class=\"wp-block-getwid-social-links__wrapper has-text-color\" style=\"color:#000000\"><i class=\"\"><\/i><\/span><\/a><\/li><li class=\"wp-block-getwid-social-links__item\"><a class=\"wp-block-getwid-social-links__link\" href=\"#\"><span class=\"wp-block-getwid-social-links__wrapper has-text-color\" style=\"color:#000000\"><i class=\"\"><\/i><\/span><\/a><\/li><li class=\"wp-block-getwid-social-links__item\"><a class=\"wp-block-getwid-social-links__link\" href=\"#\"><span class=\"wp-block-getwid-social-links__wrapper has-text-color\" style=\"color:#000000\"><i class=\"\"><\/i><\/span><\/a><\/li><\/ul><\/div>\n<\/div><\/div>\n<\/div>\n\n\n\n<div class=\"wp-block-column is-layout-flow wp-block-column-is-layout-flow\">\n<div class=\"wp-block-getwid-person\"><div class=\"wp-block-getwid-person__image\"><img loading=\"lazy\" decoding=\"async\" width=\"600\" height=\"650\" src=\"https:\/\/kila-sued.de\/wp-content\/uploads\/2026\/02\/nils-leer.png\" class=\"wp-image-327\" srcset=\"https:\/\/kila-sued.de\/wp-content\/uploads\/2026\/02\/nils-leer.png 600w, https:\/\/kila-sued.de\/wp-content\/uploads\/2026\/02\/nils-leer-277x300.png 277w\" sizes=\"auto, (max-width: 600px) 100vw, 600px\" \/><\/div><div class=\"wp-block-getwid-person__content-wrapper\"><span class=\"wp-block-getwid-person__title\">Nils<\/span><span class=\"wp-block-getwid-person__subtitle\">Erzieher<\/span>\n<div class=\"wp-block-getwid-social-links has-large-spacing\"><ul class=\"wp-block-getwid-social-links__list getwid-justify-content-center\"><li class=\"wp-block-getwid-social-links__item\"><a class=\"wp-block-getwid-social-links__link\" href=\"https:\/\/www.facebook.com\/\"><span class=\"wp-block-getwid-social-links__wrapper has-text-color\" style=\"color:#000000\"><i class=\"\"><\/i><\/span><\/a><\/li><li class=\"wp-block-getwid-social-links__item\"><a class=\"wp-block-getwid-social-links__link\" href=\"https:\/\/twitter.com\/\"><span class=\"wp-block-getwid-social-links__wrapper has-text-color\" style=\"color:#000000\"><i class=\"\"><\/i><\/span><\/a><\/li><li class=\"wp-block-getwid-social-links__item\"><span class=\"wp-block-getwid-social-links__wrapper has-text-color\" style=\"color:#000000\"><i class=\"\"><\/i><\/span><\/li><li class=\"wp-block-getwid-social-links__item\"><a class=\"wp-block-getwid-social-links__link\" href=\"https:\/\/www.youtube.com\/\"><span class=\"wp-block-getwid-social-links__wrapper has-text-color\" style=\"color:#000000\"><i class=\"\"><\/i><\/span><\/a><\/li><\/ul><\/div>\n<\/div><\/div>\n<\/div>\n\n\n\n<div class=\"wp-block-column is-layout-flow wp-block-column-is-layout-flow\">\n<div class=\"wp-block-getwid-person\"><div class=\"wp-block-getwid-person__image\"><img loading=\"lazy\" decoding=\"async\" width=\"600\" height=\"650\" src=\"https:\/\/kila-sued.de\/wp-content\/uploads\/2021\/06\/Tanja_5027.jpg\" class=\"wp-image-54\" srcset=\"https:\/\/kila-sued.de\/wp-content\/uploads\/2021\/06\/Tanja_5027.jpg 600w, https:\/\/kila-sued.de\/wp-content\/uploads\/2021\/06\/Tanja_5027-277x300.jpg 277w\" sizes=\"auto, (max-width: 600px) 100vw, 600px\" \/><\/div><div class=\"wp-block-getwid-person__content-wrapper\"><span class=\"wp-block-getwid-person__title\">Tanja<\/span><span class=\"wp-block-getwid-person__subtitle\">Erzieherin<\/span>\n<div class=\"wp-block-getwid-social-links has-large-spacing\"><ul class=\"wp-block-getwid-social-links__list getwid-justify-content-center\"><li class=\"wp-block-getwid-social-links__item\"><a class=\"wp-block-getwid-social-links__link\" href=\"https:\/\/www.facebook.com\/\"><span class=\"wp-block-getwid-social-links__wrapper has-text-color\" style=\"color:#000000\"><i class=\"\"><\/i><\/span><\/a><\/li><li class=\"wp-block-getwid-social-links__item\"><a class=\"wp-block-getwid-social-links__link\" href=\"https:\/\/twitter.com\/\"><span class=\"wp-block-getwid-social-links__wrapper has-text-color\" style=\"color:#000000\"><i class=\"\"><\/i><\/span><\/a><\/li><li class=\"wp-block-getwid-social-links__item\"><span class=\"wp-block-getwid-social-links__wrapper has-text-color\" style=\"color:#000000\"><i class=\"\"><\/i><\/span><\/li><li class=\"wp-block-getwid-social-links__item\"><a class=\"wp-block-getwid-social-links__link\" href=\"https:\/\/www.youtube.com\/\"><span class=\"wp-block-getwid-social-links__wrapper has-text-color\" style=\"color:#000000\"><i class=\"\"><\/i><\/span><\/a><\/li><\/ul><\/div>\n<\/div><\/div>\n<\/div>\n<\/div>\n<\/div><\/div><\/div><\/div><\/div>\n\n\n\n<div class=\"wp-block-getwid-section alignfull alignfull getwid-section-content-custom-width\" style=\"margin-top:14px\"><div class=\"wp-block-getwid-section__wrapper getwid-padding-left-medium getwid-padding-right-medium\"><div class=\"wp-block-getwid-section__inner-wrapper\" style=\"max-width:1140px\"><div class=\"wp-block-getwid-section__background-holder\"><div class=\"wp-block-getwid-section__background has-background has-white-background-color\"><\/div><div class=\"wp-block-getwid-section__foreground\"><\/div><\/div><div class=\"wp-block-getwid-section__content\"><div class=\"wp-block-getwid-section__inner-content\"><\/div><\/div><\/div><\/div><\/div>\n\n\n\n<div class=\"wp-block-getwid-section alignfull alignfull getwid-section-content-custom-width\" style=\"margin-bottom:1px\"><div class=\"wp-block-getwid-section__wrapper getwid-padding-left-medium getwid-padding-right-medium\"><div class=\"wp-block-getwid-section__inner-wrapper\" style=\"max-width:1140px\"><div class=\"wp-block-getwid-section__background-holder\"><div class=\"wp-block-getwid-section__background has-background has-white-background-color\"><\/div><div class=\"wp-block-getwid-section__foreground\"><\/div><\/div><div class=\"wp-block-getwid-section__content\"><div class=\"wp-block-getwid-section__inner-content\">\n<div class=\"wp-block-getwid-advanced-heading\" id=\"EineElterninitiative\" style=\"margin-bottom:30px;margin-top:10px\"><h2 class=\"wp-block-getwid-advanced-heading__content\" style=\"text-align:center\"><a href=\"#EineElterninitiative\">Eine Elterninitiative?<\/a><\/h2><\/div>\n\n\n\n<p class=\"has-text-align-center\">Wir sind eine Elterninitiative. Anders als in st\u00e4dtischen oder kirchlichen Einrichtungen ist bei uns ein Verein der Tr\u00e4ger der Einrichtung. Dies bedeutet, dass das Fortbestehen des Kinderladens von der Mitarbeit der Eltern abh\u00e4ngig ist. Neben der Verantwortung der Eltern f\u00fcr das Funktionieren des Kinderladens bietet eine Elterninitiative aber auch die M\u00f6glichkeit zur Mitbestimmung.&nbsp;<\/p>\n\n\n\n<p class=\"has-text-align-center\">Kila-S\u00fcd e.V. ist Mitglied der&nbsp;<a rel=\"noreferrer noopener\" href=\"https:\/\/www.kila-ini.de\/\" target=\"_blank\">Kinderladen-Initiative Hannover e. V.&nbsp;<\/a>, dem Dachverband der Elterninitiativen, die uns tatkr\u00e4ftig bei der Finanzabwicklung unterst\u00fctzt, mit Vertretungskr\u00e4ften aushilft und uns jederzeit beratend zur Seite steht. <\/p>\n\n\n\n<div class=\"wp-block-columns has-3-columns is-layout-flex wp-container-core-columns-is-layout-9d6595d7 wp-block-columns-is-layout-flex\">\n<div class=\"wp-block-column is-layout-flow wp-block-column-is-layout-flow\">\n<div class=\"wp-block-getwid-icon-box has-text-center\"><div class=\"wp-block-getwid-icon-box__icon-container is-position-top\"><div class=\"wp-block-getwid-icon-box__icon-wrapper has-text-color\" style=\"font-size:36px;padding:0px;color:#000000\"><i class=\"fas fa-battery-three-quarters\"><\/i><\/div><\/div><div class=\"wp-block-getwid-icon-box__content\">\n<div class=\"wp-block-getwid-advanced-heading\"><h3 class=\"wp-block-getwid-advanced-heading__content\">Eltern\u00e4mter<\/h3><\/div>\n\n\n\n<p>Jede Familie \u00fcbernimmt f\u00fcr ihre Zeit im Kinderladen ein Elternamt. Dies kann ein normales Amt oder auch ein Vorstandsamt sein. Der Vorstand ist von den sonstigen Elterndiensten befreit.<\/p>\n<\/div><\/div>\n<\/div>\n\n\n\n<div class=\"wp-block-column is-layout-flow wp-block-column-is-layout-flow\">\n<div class=\"wp-block-getwid-icon-box has-text-center\"><div class=\"wp-block-getwid-icon-box__icon-container is-position-top\"><div class=\"wp-block-getwid-icon-box__icon-wrapper has-text-color\" style=\"font-size:36px;padding:0px;color:#000000\"><i class=\"far fa-hand-point-down\"><\/i><\/div><\/div><div class=\"wp-block-getwid-icon-box__content\">\n<div class=\"wp-block-getwid-advanced-heading\"><h3 class=\"wp-block-getwid-advanced-heading__content\">Elterndienste<\/h3><\/div>\n\n\n\n<p> F\u00e4llt ein Teammitglied aus, springen manchmal auch wir Eltern ein, um eine l\u00fcckenlose Betreuung zu gew\u00e4hrleisten. Au\u00dferdem wird von uns das Fr\u00fchst\u00fcck gestellt, freitags gekocht und der monatliche Elternabend vorbereitet. <\/p>\n<\/div><\/div>\n<\/div>\n\n\n\n<div class=\"wp-block-column is-layout-flow wp-block-column-is-layout-flow\">\n<div class=\"wp-block-getwid-icon-box has-text-center\"><div class=\"wp-block-getwid-icon-box__icon-container is-position-top\"><div class=\"wp-block-getwid-icon-box__icon-wrapper has-text-color\" style=\"font-size:36px;padding:0px;color:#000000\"><i class=\"fas fa-wine-bottle\"><\/i><\/div><\/div><div class=\"wp-block-getwid-icon-box__content\">\n<div class=\"wp-block-getwid-advanced-heading\"><h3 class=\"wp-block-getwid-advanced-heading__content\">Elternabend<\/h3><\/div>\n\n\n\n<p> Eine enge Zusammenarbeit zwischen den Familien und den Mitarbeiterinnen erfordert einen regelm\u00e4\u00dfigen und intensiven Austausch.&nbsp;Unser Elternabend findet regelm\u00e4\u00dfig an jedem dritten Donnerstag im Monat statt. <\/p>\n<\/div><\/div>\n<\/div>\n<\/div>\n\n\n\n<div class=\"wp-block-getwid-section\"><div class=\"wp-block-getwid-section__wrapper\"><div class=\"wp-block-getwid-section__inner-wrapper\"><div class=\"wp-block-getwid-section__background-holder\"><div class=\"wp-block-getwid-section__background\"><\/div><div class=\"wp-block-getwid-section__foreground\"><\/div><\/div><div class=\"wp-block-getwid-section__content\"><div class=\"wp-block-getwid-section__inner-content\"><\/div><\/div><\/div><\/div><\/div>\n<\/div><\/div><\/div><\/div><\/div>\n\n\n\n<div class=\"wp-block-getwid-section alignfull alignfull getwid-section-content-custom-width\" style=\"margin-top:14px\"><div class=\"wp-block-getwid-section__wrapper getwid-padding-left-medium getwid-padding-right-medium\" style=\"padding-top:1px\"><div class=\"wp-block-getwid-section__inner-wrapper\" style=\"max-width:1140px\"><div class=\"wp-block-getwid-section__background-holder\"><div class=\"wp-block-getwid-section__background has-background has-white-background-color\"><\/div><div class=\"wp-block-getwid-section__foreground\"><\/div><\/div><div class=\"wp-block-getwid-section__content\"><div class=\"wp-block-getwid-section__inner-content\">\n<div class=\"wp-block-getwid-advanced-heading\" id=\"PlatzvergabeUndKontakt\" style=\"margin-bottom:30px;margin-top:10px\"><h2 class=\"wp-block-getwid-advanced-heading__content\" style=\"text-align:center\"><a href=\"#PlatzvergabeUndKontakt\">Platzvergabe und Kontakt<\/a><\/h2><\/div>\n\n\n\n<p class=\"has-text-align-center\"><strong>Wir haben aktuell noch einen Platz f\u00fcr ein dreij\u00e4hriges M\u00e4dchen zum 1. August 2026 zu vergeben.<\/strong><\/p>\n\n\n\n<p class=\"has-text-align-center\">F\u00fcr das im August startende Kinderladenjahr k\u00f6nnt ihr eure Anmeldungen bis zum 1. Oktober des Vorjahres schicken. Die Pl\u00e4tze werden in der Regel nach einem Vorgespr\u00e4ch und einer Hospitation am Anfang eines Kalenderjahres vergeben. Auch nach Oktober nehmen wir nat\u00fcrlich noch Bewerbungen f\u00fcr Nachr\u00fccker an. Wir melden uns, falls es noch freie Pl\u00e4tze geben sollte! Schickt uns Eure Anmeldungen bitte mit Namen, Geburtsdatum Eures Kindes und einer Telefonnummer, unter der ihr erreichbar seid, per E-Mail an <a rel=\"noreferrer noopener\" href=\"mailto:anmeldung@kila-sued.de\" target=\"_blank\">anmeldung@kila-sued.de<\/a>.<br><br>Solltet Ihr noch Fragen haben, z\u00f6gert nicht, Euch gerne jederzeit mit uns in Verbindung zu setzen! Daf\u00fcr k\u00f6nnt Ihr eine Mail an <a href=\"mailto:info@kila-sued.de\">info@kila-sued.de<\/a> schicken oder uns telefonisch unter 0511-342942 erreichen. <\/p>\n\n\n\n<div style=\"height:50px\" aria-hidden=\"true\" class=\"wp-block-spacer\"><\/div>\n<\/div><\/div><\/div><\/div><\/div>\n\n\n\n<p><\/p>\n\n\n\n<div class=\"wp-block-getwid-section alignfull alignfull getwid-section-content-custom-width\"><div class=\"wp-block-getwid-section__wrapper getwid-padding-top-large getwid-padding-bottom-large getwid-padding-left-medium getwid-padding-right-medium\"><div class=\"wp-block-getwid-section__inner-wrapper\" style=\"max-width:1140px\"><div class=\"wp-block-getwid-section__background-holder\"><div class=\"wp-block-getwid-section__background\"><\/div><div class=\"wp-block-getwid-section__foreground\"><\/div><\/div><div class=\"wp-block-getwid-section__content\"><div class=\"wp-block-getwid-section__inner-content\"><\/div><\/div><\/div><\/div><\/div>\n\n\n\n\n\n\n\n\n\n\n\n\n\n\n\n<h2 class=\"wp-block-heading\"><\/h2>\n\n\n\n<h2 class=\"wp-block-heading\"><\/h2>\n","protected":false},"excerpt":{"rendered":"<p>\u00dcber den Kinderladen S\u00fcd &nbsp; &nbsp; P\u00e4dagogisches Konzept Der Kinderladen S\u00fcd e.V. ist eine Ganztagseinrichtung. Es werden 20&#8230; <a class=\"excerpt-read-more\" href=\"https:\/\/kila-sued.de\/\"><span>Continue Reading<\/span><\/a><\/p>\n","protected":false},"author":1,"featured_media":0,"parent":0,"menu_order":0,"comment_status":"closed","ping_status":"open","template":"","meta":{"footnotes":""},"class_list":["post-4","page","type-page","status-publish","hentry"],"_links":{"self":[{"href":"https:\/\/kila-sued.de\/index.php?rest_route=\/wp\/v2\/pages\/4","targetHints":{"allow":["GET"]}}],"collection":[{"href":"https:\/\/kila-sued.de\/index.php?rest_route=\/wp\/v2\/pages"}],"about":[{"href":"https:\/\/kila-sued.de\/index.php?rest_route=\/wp\/v2\/types\/page"}],"author":[{"embeddable":true,"href":"https:\/\/kila-sued.de\/index.php?rest_route=\/wp\/v2\/users\/1"}],"replies":[{"embeddable":true,"href":"https:\/\/kila-sued.de\/index.php?rest_route=%2Fwp%2Fv2%2Fcomments&post=4"}],"version-history":[{"count":117,"href":"https:\/\/kila-sued.de\/index.php?rest_route=\/wp\/v2\/pages\/4\/revisions"}],"predecessor-version":[{"id":331,"href":"https:\/\/kila-sued.de\/index.php?rest_route=\/wp\/v2\/pages\/4\/revisions\/331"}],"wp:attachment":[{"href":"https:\/\/kila-sued.de\/index.php?rest_route=%2Fwp%2Fv2%2Fmedia&parent=4"}],"curies":[{"name":"wp","href":"https:\/\/api.w.org\/{rel}","templated":true}]}}